{"id":36,"date":"2019-02-07T10:48:22","date_gmt":"2019-02-07T10:48:22","guid":{"rendered":"https:\/\/translate-en.de\/contact-2\/"},"modified":"2024-10-20T15:09:46","modified_gmt":"2024-10-20T13:09:46","slug":"kontakt","status":"publish","type":"page","link":"https:\/\/translate-en.de\/en\/kontakt\/","title":{"rendered":"Contact"},"content":{"rendered":"<h2>Contact<\/h2>\r\n<h4>Need a text translated or proofread?<\/h4>\r\n<h3>Then let\u2019s talk.<\/h3>\r\n<p>As the saying goes, \u201cTrust is a currency; you can\u2019t afford not to invest in. Interestingly enough, trust can only be built, maintained and repaired through conversations.\u201d<br \/>\u201eVertrauen ist eine W\u00e4hrung. Man kann es sich nicht leisten, nicht darin zu investieren. Vertrauen kann aber nur durch Kommunikation geschaffen, aufrechterhalten und wiederhergestellt werden.&#8220;<\/p>\r\n<p>Kommunizieren Sie mit mir &#8211; per E-Mail, Telefon oder \u00fcber das nachstehende Formular. Ihre Projekte, Bed\u00fcrfnisse und W\u00fcnsche sind bei mir in vertrauensvollen H\u00e4nden.<\/p>\r\n<h3>Office hours:<\/h3>\r\n<ul>\r\n<li>\r\n<h5>Monday - Friday<\/h5>\r\n<\/li>\r\n<li>\r\n<h5>8:00-18:00 Uhr<\/h5>\r\n<\/li>\r\n<\/ul>\r\n<h3>I look forward to hearing from you!<\/h3>","protected":false},"excerpt":{"rendered":"<p>Kontakt Sie brauchen einen Text auf Englisch? \u00dcbersetzt oder lektoriert? Sprechen wir dar\u00fcber. Juliana Vergara hat diesen Satz gepr\u00e4gt:\u201eVertrauen ist eine W\u00e4hrung. Man kann es sich nicht leisten, nicht darin zu investieren. Vertrauen kann aber nur durch Kommunikation geschaffen, aufrechterhalten und wiederhergestellt werden.&#8220; Kommunizieren Sie mit mir &#8211; per E-Mail, Telefon oder \u00fcber das nachstehende [&hellip;]<\/p>\n","protected":false},"author":1,"featured_media":0,"parent":0,"menu_order":0,"comment_status":"closed","ping_status":"closed","template":"","meta":{"site-sidebar-layout":"no-sidebar","site-content-layout":"page-builder","ast-site-content-layout":"full-width-container","site-content-style":"unboxed","site-sidebar-style":"unboxed","ast-global-header-display":"","ast-banner-title-visibility":"","ast-main-header-display":"","ast-hfb-above-header-display":"","ast-hfb-below-header-display":"","ast-hfb-mobile-header-display":"","site-post-title":"disabled","ast-breadcrumbs-content":"","ast-featured-img":"disabled","footer-sml-layout":"","theme-transparent-header-meta":"disabled","adv-header-id-meta":"","stick-header-meta":"default","header-above-stick-meta":"","header-main-stick-meta":"","header-below-stick-meta":"","astra-migrate-meta-layouts":"set","ast-page-background-enabled":"default","ast-page-background-meta":{"desktop":{"background-color":"","background-image":"","background-repeat":"repeat","background-position":"center center","background-size":"auto","background-attachment":"scroll","background-type":"","background-media":"","overlay-type":"","overlay-color":"","overlay-opacity":"","overlay-gradient":""},"tablet":{"background-color":"","background-image":"","background-repeat":"repeat","background-position":"center center","background-size":"auto","background-attachment":"scroll","background-type":"","background-media":"","overlay-type":"","overlay-color":"","overlay-opacity":"","overlay-gradient":""},"mobile":{"background-color":"","background-image":"","background-repeat":"repeat","background-position":"center center","background-size":"auto","background-attachment":"scroll","background-type":"","background-media":"","overlay-type":"","overlay-color":"","overlay-opacity":"","overlay-gradient":""}},"ast-content-background-meta":{"desktop":{"background-color":"var(--ast-global-color-5)","background-image":"","background-repeat":"repeat","background-position":"center center","background-size":"auto","background-attachment":"scroll","background-type":"","background-media":"","overlay-type":"","overlay-color":"","overlay-opacity":"","overlay-gradient":""},"tablet":{"background-color":"var(--ast-global-color-5)","background-image":"","background-repeat":"repeat","background-position":"center center","background-size":"auto","background-attachment":"scroll","background-type":"","background-media":"","overlay-type":"","overlay-color":"","overlay-opacity":"","overlay-gradient":""},"mobile":{"background-color":"var(--ast-global-color-5)","background-image":"","background-repeat":"repeat","background-position":"center center","background-size":"auto","background-attachment":"scroll","background-type":"","background-media":"","overlay-type":"","overlay-color":"","overlay-opacity":"","overlay-gradient":""}},"footnotes":""},"class_list":["post-36","page","type-page","status-publish","hentry"],"yoast_head":"<!-- This site is optimized with the Yoast SEO plugin v27.3 - https:\/\/yoast.com\/product\/yoast-seo-wordpress\/ -->\n<title>Denise Dewey-Muno | Kontakt<\/title>\n<meta name=\"description\" content=\"Sie brauchen einen Text auf Englisch? \u00dcbersetzt oder lektoriert? Sprechen wir dar\u00fcber. Ich freue mich auf Ihre Nachricht!\" \/>\n<meta name=\"robots\" content=\"index, follow, max-snippet:-1, max-image-preview:large, max-video-preview:-1\" \/>\n<link rel=\"canonical\" href=\"https:\/\/translate-en.de\/en\/kontakt\/\" \/>\n<meta property=\"og:locale\" content=\"en_GB\" \/>\n<meta property=\"og:type\" content=\"article\" \/>\n<meta property=\"og:title\" content=\"Denise Dewey-Muno | Kontakt\" \/>\n<meta property=\"og:description\" content=\"Sie brauchen einen Text auf Englisch? \u00dcbersetzt oder lektoriert? Sprechen wir dar\u00fcber. Ich freue mich auf Ihre Nachricht!\" \/>\n<meta property=\"og:url\" content=\"https:\/\/translate-en.de\/en\/kontakt\/\" \/>\n<meta property=\"og:site_name\" content=\"Dewey-Muno Language Solutions\" \/>\n<meta property=\"article:modified_time\" content=\"2024-10-20T13:09:46+00:00\" \/>\n<meta name=\"twitter:card\" content=\"summary_large_image\" \/>\n<meta name=\"twitter:label1\" content=\"Estimated reading time\" \/>\n\t<meta name=\"twitter:data1\" content=\"1 minute\" \/>\n<script type=\"application\/ld+json\" class=\"yoast-schema-graph\">{\"@context\":\"https:\\\/\\\/schema.org\",\"@graph\":[{\"@type\":\"WebPage\",\"@id\":\"https:\\\/\\\/translate-en.de\\\/kontakt\\\/\",\"url\":\"https:\\\/\\\/translate-en.de\\\/kontakt\\\/\",\"name\":\"Denise Dewey-Muno | Kontakt\",\"isPartOf\":{\"@id\":\"https:\\\/\\\/translate-en.de\\\/#website\"},\"datePublished\":\"2019-02-07T10:48:22+00:00\",\"dateModified\":\"2024-10-20T13:09:46+00:00\",\"description\":\"Sie brauchen einen Text auf Englisch? \u00dcbersetzt oder lektoriert? Sprechen wir dar\u00fcber. Ich freue mich auf Ihre Nachricht!\",\"breadcrumb\":{\"@id\":\"https:\\\/\\\/translate-en.de\\\/kontakt\\\/#breadcrumb\"},\"inLanguage\":\"en-GB\",\"potentialAction\":[{\"@type\":\"ReadAction\",\"target\":[\"https:\\\/\\\/translate-en.de\\\/kontakt\\\/\"]}]},{\"@type\":\"BreadcrumbList\",\"@id\":\"https:\\\/\\\/translate-en.de\\\/kontakt\\\/#breadcrumb\",\"itemListElement\":[{\"@type\":\"ListItem\",\"position\":1,\"name\":\"Startseite\",\"item\":\"https:\\\/\\\/translate-en.de\\\/de\\\/\"},{\"@type\":\"ListItem\",\"position\":2,\"name\":\"Kontakt\"}]},{\"@type\":\"WebSite\",\"@id\":\"https:\\\/\\\/translate-en.de\\\/#website\",\"url\":\"https:\\\/\\\/translate-en.de\\\/\",\"name\":\"Dewey-Muno Language Solutions\",\"description\":\"Denise Dewey-Muno\",\"publisher\":{\"@id\":\"https:\\\/\\\/translate-en.de\\\/#organization\"},\"potentialAction\":[{\"@type\":\"SearchAction\",\"target\":{\"@type\":\"EntryPoint\",\"urlTemplate\":\"https:\\\/\\\/translate-en.de\\\/?s={search_term_string}\"},\"query-input\":{\"@type\":\"PropertyValueSpecification\",\"valueRequired\":true,\"valueName\":\"search_term_string\"}}],\"inLanguage\":\"en-GB\"},{\"@type\":\"Organization\",\"@id\":\"https:\\\/\\\/translate-en.de\\\/#organization\",\"name\":\"Dewey-Muno Language Solutions\",\"url\":\"https:\\\/\\\/translate-en.de\\\/\",\"logo\":{\"@type\":\"ImageObject\",\"inLanguage\":\"en-GB\",\"@id\":\"https:\\\/\\\/translate-en.de\\\/#\\\/schema\\\/logo\\\/image\\\/\",\"url\":\"https:\\\/\\\/translate-en.de\\\/wp-content\\\/uploads\\\/2023\\\/05\\\/DM_02_300ppi.png\",\"contentUrl\":\"https:\\\/\\\/translate-en.de\\\/wp-content\\\/uploads\\\/2023\\\/05\\\/DM_02_300ppi.png\",\"width\":776,\"height\":167,\"caption\":\"Dewey-Muno Language Solutions\"},\"image\":{\"@id\":\"https:\\\/\\\/translate-en.de\\\/#\\\/schema\\\/logo\\\/image\\\/\"}}]}<\/script>\n<!-- \/ Yoast SEO plugin. -->","yoast_head_json":{"title":"Denise Dewey-Muno | Kontakt","description":"Sie brauchen einen Text auf Englisch? \u00dcbersetzt oder lektoriert? Sprechen wir dar\u00fcber. Ich freue mich auf Ihre Nachricht!","robots":{"index":"index","follow":"follow","max-snippet":"max-snippet:-1","max-image-preview":"max-image-preview:large","max-video-preview":"max-video-preview:-1"},"canonical":"https:\/\/translate-en.de\/en\/kontakt\/","og_locale":"en_GB","og_type":"article","og_title":"Denise Dewey-Muno | Kontakt","og_description":"Sie brauchen einen Text auf Englisch? \u00dcbersetzt oder lektoriert? Sprechen wir dar\u00fcber. Ich freue mich auf Ihre Nachricht!","og_url":"https:\/\/translate-en.de\/en\/kontakt\/","og_site_name":"Dewey-Muno Language Solutions","article_modified_time":"2024-10-20T13:09:46+00:00","twitter_card":"summary_large_image","twitter_misc":{"Estimated reading time":"1 minute"},"schema":{"@context":"https:\/\/schema.org","@graph":[{"@type":"WebPage","@id":"https:\/\/translate-en.de\/kontakt\/","url":"https:\/\/translate-en.de\/kontakt\/","name":"Denise Dewey-Muno | Kontakt","isPartOf":{"@id":"https:\/\/translate-en.de\/#website"},"datePublished":"2019-02-07T10:48:22+00:00","dateModified":"2024-10-20T13:09:46+00:00","description":"Sie brauchen einen Text auf Englisch? \u00dcbersetzt oder lektoriert? Sprechen wir dar\u00fcber. Ich freue mich auf Ihre Nachricht!","breadcrumb":{"@id":"https:\/\/translate-en.de\/kontakt\/#breadcrumb"},"inLanguage":"en-GB","potentialAction":[{"@type":"ReadAction","target":["https:\/\/translate-en.de\/kontakt\/"]}]},{"@type":"BreadcrumbList","@id":"https:\/\/translate-en.de\/kontakt\/#breadcrumb","itemListElement":[{"@type":"ListItem","position":1,"name":"Startseite","item":"https:\/\/translate-en.de\/de\/"},{"@type":"ListItem","position":2,"name":"Kontakt"}]},{"@type":"WebSite","@id":"https:\/\/translate-en.de\/#website","url":"https:\/\/translate-en.de\/","name":"Dewey-Muno Language Solutions","description":"Denise Dewey-Muno","publisher":{"@id":"https:\/\/translate-en.de\/#organization"},"potentialAction":[{"@type":"SearchAction","target":{"@type":"EntryPoint","urlTemplate":"https:\/\/translate-en.de\/?s={search_term_string}"},"query-input":{"@type":"PropertyValueSpecification","valueRequired":true,"valueName":"search_term_string"}}],"inLanguage":"en-GB"},{"@type":"Organization","@id":"https:\/\/translate-en.de\/#organization","name":"Dewey-Muno Language Solutions","url":"https:\/\/translate-en.de\/","logo":{"@type":"ImageObject","inLanguage":"en-GB","@id":"https:\/\/translate-en.de\/#\/schema\/logo\/image\/","url":"https:\/\/translate-en.de\/wp-content\/uploads\/2023\/05\/DM_02_300ppi.png","contentUrl":"https:\/\/translate-en.de\/wp-content\/uploads\/2023\/05\/DM_02_300ppi.png","width":776,"height":167,"caption":"Dewey-Muno Language Solutions"},"image":{"@id":"https:\/\/translate-en.de\/#\/schema\/logo\/image\/"}}]}},"_links":{"self":[{"href":"https:\/\/translate-en.de\/en\/wp-json\/wp\/v2\/pages\/36","targetHints":{"allow":["GET"]}}],"collection":[{"href":"https:\/\/translate-en.de\/en\/wp-json\/wp\/v2\/pages"}],"about":[{"href":"https:\/\/translate-en.de\/en\/wp-json\/wp\/v2\/types\/page"}],"author":[{"embeddable":true,"href":"https:\/\/translate-en.de\/en\/wp-json\/wp\/v2\/users\/1"}],"replies":[{"embeddable":true,"href":"https:\/\/translate-en.de\/en\/wp-json\/wp\/v2\/comments?post=36"}],"version-history":[{"count":11,"href":"https:\/\/translate-en.de\/en\/wp-json\/wp\/v2\/pages\/36\/revisions"}],"predecessor-version":[{"id":1907,"href":"https:\/\/translate-en.de\/en\/wp-json\/wp\/v2\/pages\/36\/revisions\/1907"}],"wp:attachment":[{"href":"https:\/\/translate-en.de\/en\/wp-json\/wp\/v2\/media?parent=36"}],"curies":[{"name":"wp","href":"https:\/\/api.w.org\/{rel}","templated":true}]}}