{"id":33,"date":"2019-02-07T10:45:24","date_gmt":"2019-02-07T10:45:24","guid":{"rendered":"https:\/\/translate-en.de\/services\/"},"modified":"2025-11-04T17:44:42","modified_gmt":"2025-11-04T16:44:42","slug":"denise-dewey-muno-leistungen","status":"publish","type":"page","link":"https:\/\/translate-en.de\/en\/denise-dewey-muno-leistungen\/","title":{"rendered":"Services"},"content":{"rendered":"<h2>\n\t\t\t\tServices\n\t\t\t<\/h2>\n\t\t\t<h2>Translations using AI?<\/h2><h3>Not on your nelly!<\/h3>\n\t\t\t\t<p>Now try running that expression through an online translation tool and you\u2019ll quickly realise that if your text is anything other than straightforward, then AI won\u2019t give you the answers you\u2019re looking for. Only a native speaker has an in-depth understanding of the subtleties of the English language, including stylistic elements such as tone, language style and cultural references. I discern all important aspects of the original text and ensure they are reproduced accurately in the target text.<\/p>\n\t\t\t<h2>\/01<\/h2><h3>Translations<\/h3>\t\t\t\n\t\t\t\t<p>Appealing, idiomatic translations enable you to engage with your English-speaking audience. I draw on my linguistic skills, varied experience and cultural awareness to help you communicate to best effect. Every project begins with an exchange on what and who your text is for. I\u2019ll also conduct extensive research to gain an in-depth understanding of you and your business. Allowing me to create clearly comprehensible texts with maximum impact.<\/p>\n\t\t\t<h2>\/02<\/h2><h3>Proofreading<\/h3>\t\t\t\n\t\t\t\t<p>A line-by-line comparison ensures the meaning has been conveyed appropriately and the desired effect achieved. I read through your English translations and check that nothing has inadvertently been omitted; correct mistranslations, typos and grammatical issues; and rework any inelegant formulations. Then I re-read it all over again to check that it flows well and will appeal to your English-speaking readers.<\/p>\n\t\t\t<h2>\/03<\/h2><h3>Editing<\/h3>\t\t\t\n\t\t\t\t<p>A final review is an absolute must prior to publication or printing. I carefully read through your texts already in English to catch any linguistic oversights and make only minor tweaks to the language to ensure the tone, style and register are appropriate. Where I feel it would be beneficial to readers, I\u2019ll suggest improvements to the language and phrasing to make your text read even better. Especially texts written by several authors can benefit from a final consistency check.<\/p>\n\t\t\t<h2>\/04<\/h2><h3>Final review<\/h3>\t\t\t\n\t\t\t\t<p>A painstaking check to eliminate any remaining minor blimps. I perform a meticulous final review for linguistic errors, numbering or formatting issues, and inconsistencies before you send your work off to the printer or publisher. If desired, I\u2019ll also go through the citations, headers, references and footnotes.<\/p>\n\t<h3>\n\t\t\t\tMy approach:\n\t\t\t<\/h3>\n\t\t\t<p>The four steps to success.<\/p>\t\n\t\t\t\t\t\t\t\t\t\t\t\t\t\t\t\t\t\t\t<p>01.<\/p>\n\t\t\t\t\t\t\t\t\t\t\t\t\t\t\t\t\t\t\t\t\t\t\t<h3>Initial contact<\/h3> \t\t\t\t\t\t\t\t\t\t\t\n\t\t\t\t\t\t\t\t\t\t\t\t\t\t\t\t\t\t\t\t\t\t\t\t\t\t\t\t\t\t\t\t\t\t\t\t\t\t\t\t\t\t\t\t\t\t\t\t\t\t\t\t\t\t\t\t<p>Was genau ben\u00f6tigen Sie? Und &#8211; vielleicht noch wichtiger &#8211; bis wann? Ich sichte Ihre Dokumente und sende Ihnen ein unverbindliches Angebot unter Angabe von Preis, Leistungsumfang und Lieferzeit.<\/p> \t\t\t\t\t\t\t\t\t\t\t\t\t\t\t\t\t\t\t\t\t\t\t\t\t\t\t\t\t\n\t\t\t\t\t\t\t\t01.\n\t\t\t\t\t\t\t\t\t\t\t\t\t\t\t\t\t\t\t<p>02.<\/p>\n\t\t\t\t\t\t\t\t\t\t\t\t\t\t\t\t\t\t\t\t\t\t\t<h3>Briefing<\/h3> \t\t\t\t\t\t\t\t\t\t\t\n\t\t\t\t\t\t\t\t\t\t\t\t\t\t\t\t\t\t\t\t\t\t\t\t\t\t\t\t\t\t\t\t\t\t\t\t\t\t\t\t\t\t\t\t\t\t\t\t\t\t\t\t\t\t\t\t<p>If you\u2019re happy with my quote, then we\u2019ll agree a realistic deadline and discuss the project details: Who\u2019s your text for? And what purpose should it serve? You can also stipulate which variant of English you require (British or American English). Should you have any reference materials (e.g. existing translations, background materials or useful links), then please share these with me. I can gladly use your in-house style guide and\/or glossary, or help you to create these to ensure consistency with past \u2013 and future \u2013 projects.<\/p> \t\t\t\t\t\t\t\t\t\t\t\t\t\t\t\t\t\t\t\t\t\t\t\t\t\t\t\t\t\n\t\t\t\t\t\t\t\t02.\n\t\t\t\t\t\t\t\t\t\t\t\t\t\t\t\t\t\t\t<p>03.<\/p>\n\t\t\t\t\t\t\t\t\t\t\t\t\t\t\t\t\t\t\t\t\t\t\t<h3>Project completion<\/h3> \t\t\t\t\t\t\t\t\t\t\t\n\t\t\t\t\t\t\t\t\t\t\t\t\t\t\t\t\t\t\t\t\t\t\t\t\t\t\t\t\t\t\t\t\t\t\t\t\t\t\t\t\t\t\t\t\t\t\t\t\t\t\t\t\t\t\t\t<p>I\u2019ll either begin working on your text immediately or pencil it into my schedule so that I can get started as soon as I receive the files from you as arranged. Each project begins with a read-through of the document(s) and preliminary background research to (re)familiarise myself with the topic along with a review of your website and online search to gain an understanding of your business and sector. If I\u2019ve worked with you before, I\u2019ll use any glossaries I created again. If the same texts come up again, I\u2019ll ensure they\u2019re translated consistently. I\u2019ll begin preparing a first draft for your project, meticulously researching terms and expressions as I go. I may need to touch base with you briefly in case any questions come up. I\u2019ll then review the draft translation with fresh eyes, refine the text until I\u2019m entirely satisfied with it and also flag up any errors or inconsistencies I spot in the original texts.<\/p> \t\t\t\t\t\t\t\t\t\t\t\t\t\t\t\t\t\t\t\t\t\t\t\t\t\t\t\t\t\n\t\t\t\t\t\t\t\t03.\n\t\t\t\t\t\t\t\t\t\t\t\t\t\t\t\t\t\t\t<p>04.<\/p>\n\t\t\t\t\t\t\t\t\t\t\t\t\t\t\t\t\t\t\t\t\t\t\t<h3>Finalisation<\/h3> \t\t\t\t\t\t\t\t\t\t\t\n\t\t\t\t\t\t\t\t\t\t\t\t\t\t\t\t\t\t\t\t\t\t\t\t\t\t\t\t\t\t\t\t\t\t\t\t\t\t\t\t\t\t\t\t\t\t\t\t\t\t\t\t\t\t\t\t<p>Once the text is finished, it\u2019s time for publication. Is everything to your satisfaction? Or do you still have questions or requests? Will you maybe be needing further assistance in the future? Share your feedback with me.<\/p> \t\t\t\t\t\t\t\t\t\t\t\t\t\t\t\t\t\t\t\t\t\t\t\t\t\t\t\t\t\n\t\t\t\t\t\t\t\t04.\n\t\t\t<h5>Time to be proactive!<\/h5><h3>Get in touch today <\/h3>\t\t\t\n\t\t\t\t<p>to discuss your projects<\/p>\n\t\t\t<a href=\"https:\/\/translate-en.de\/en\/kontakt\/\" title=\"Hier klicken\" target=\"_self\"   role=\"button\" aria-label=\"Send me a message\">\n\t\t\t\t\t\t\t\t\t\t\tSend me a message\n\t\t<\/a>","protected":false},"excerpt":{"rendered":"<p>Leistungen Englische \u00dcbersetzungen mit KI? Nicht bei mir! Schon alleine diesen Ausdruck in die automatische \u00dcbersetzung zu geben wird Ihnen aufzeigen, wo die Grenzen einer KI liegen. Nur ein Muttersprachler f\u00fcr Englisch kann im Zieltext ausdr\u00fccken, was der deutsche Text durch stilistische Elemente transportieren m\u00f6chte, von kulturellen Andeutungen ganz zu schweigen. Ich erfasse all die [&hellip;]<\/p>\n","protected":false},"author":1,"featured_media":0,"parent":0,"menu_order":0,"comment_status":"closed","ping_status":"closed","template":"","meta":{"site-sidebar-layout":"no-sidebar","site-content-layout":"page-builder","ast-site-content-layout":"full-width-container","site-content-style":"unboxed","site-sidebar-style":"unboxed","ast-global-header-display":"","ast-banner-title-visibility":"","ast-main-header-display":"","ast-hfb-above-header-display":"","ast-hfb-below-header-display":"","ast-hfb-mobile-header-display":"","site-post-title":"disabled","ast-breadcrumbs-content":"","ast-featured-img":"disabled","footer-sml-layout":"","theme-transparent-header-meta":"disabled","adv-header-id-meta":"","stick-header-meta":"default","header-above-stick-meta":"","header-main-stick-meta":"","header-below-stick-meta":"","astra-migrate-meta-layouts":"set","ast-page-background-enabled":"default","ast-page-background-meta":{"desktop":{"background-color":"","background-image":"","background-repeat":"repeat","background-position":"center center","background-size":"auto","background-attachment":"scroll","background-type":"","background-media":"","overlay-type":"","overlay-color":"","overlay-opacity":"","overlay-gradient":""},"tablet":{"background-color":"","background-image":"","background-repeat":"repeat","background-position":"center center","background-size":"auto","background-attachment":"scroll","background-type":"","background-media":"","overlay-type":"","overlay-color":"","overlay-opacity":"","overlay-gradient":""},"mobile":{"background-color":"","background-image":"","background-repeat":"repeat","background-position":"center center","background-size":"auto","background-attachment":"scroll","background-type":"","background-media":"","overlay-type":"","overlay-color":"","overlay-opacity":"","overlay-gradient":""}},"ast-content-background-meta":{"desktop":{"background-color":"var(--ast-global-color-5)","background-image":"","background-repeat":"repeat","background-position":"center center","background-size":"auto","background-attachment":"scroll","background-type":"","background-media":"","overlay-type":"","overlay-color":"","overlay-opacity":"","overlay-gradient":""},"tablet":{"background-color":"var(--ast-global-color-5)","background-image":"","background-repeat":"repeat","background-position":"center center","background-size":"auto","background-attachment":"scroll","background-type":"","background-media":"","overlay-type":"","overlay-color":"","overlay-opacity":"","overlay-gradient":""},"mobile":{"background-color":"var(--ast-global-color-5)","background-image":"","background-repeat":"repeat","background-position":"center center","background-size":"auto","background-attachment":"scroll","background-type":"","background-media":"","overlay-type":"","overlay-color":"","overlay-opacity":"","overlay-gradient":""}},"footnotes":""},"class_list":["post-33","page","type-page","status-publish","hentry"],"yoast_head":"<!-- This site is optimized with the Yoast SEO plugin v27.3 - https:\/\/yoast.com\/product\/yoast-seo-wordpress\/ -->\n<title>Denise Dewey-Muno | Professionelle Sprachendienstleistungen<\/title>\n<meta name=\"description\" content=\"\u00dcbersetzung vom Deutschen ins Englische | englisches Lektorat | Marketing \u2713 Bildungswesen \u2713 Kultur \u2713 Nachhaltigkeit \u2713 Tourismus \u2713\" \/>\n<meta name=\"robots\" content=\"index, follow, max-snippet:-1, max-image-preview:large, max-video-preview:-1\" \/>\n<link rel=\"canonical\" href=\"https:\/\/translate-en.de\/en\/denise-dewey-muno-leistungen\/\" \/>\n<meta property=\"og:locale\" content=\"en_GB\" \/>\n<meta property=\"og:type\" content=\"article\" \/>\n<meta property=\"og:title\" content=\"Denise Dewey-Muno | Professionelle Sprachendienstleistungen\" \/>\n<meta property=\"og:description\" content=\"\u00dcbersetzung vom Deutschen ins Englische | englisches Lektorat | Marketing \u2713 Bildungswesen \u2713 Kultur \u2713 Nachhaltigkeit \u2713 Tourismus \u2713\" \/>\n<meta property=\"og:url\" content=\"https:\/\/translate-en.de\/en\/denise-dewey-muno-leistungen\/\" \/>\n<meta property=\"og:site_name\" content=\"Dewey-Muno Language Solutions\" \/>\n<meta property=\"article:modified_time\" content=\"2025-11-04T16:44:42+00:00\" \/>\n<meta name=\"twitter:card\" content=\"summary_large_image\" \/>\n<meta name=\"twitter:label1\" content=\"Estimated reading time\" \/>\n\t<meta name=\"twitter:data1\" content=\"4 minutes\" \/>\n<script type=\"application\/ld+json\" class=\"yoast-schema-graph\">{\"@context\":\"https:\\\/\\\/schema.org\",\"@graph\":[{\"@type\":\"WebPage\",\"@id\":\"https:\\\/\\\/translate-en.de\\\/de\\\/denise-dewey-muno-leistungen\\\/\",\"url\":\"https:\\\/\\\/translate-en.de\\\/de\\\/denise-dewey-muno-leistungen\\\/\",\"name\":\"Denise Dewey-Muno | Professionelle Sprachendienstleistungen\",\"isPartOf\":{\"@id\":\"https:\\\/\\\/translate-en.de\\\/#website\"},\"datePublished\":\"2019-02-07T10:45:24+00:00\",\"dateModified\":\"2025-11-04T16:44:42+00:00\",\"description\":\"\u00dcbersetzung vom Deutschen ins Englische | englisches Lektorat | Marketing \u2713 Bildungswesen \u2713 Kultur \u2713 Nachhaltigkeit \u2713 Tourismus \u2713\",\"breadcrumb\":{\"@id\":\"https:\\\/\\\/translate-en.de\\\/de\\\/denise-dewey-muno-leistungen\\\/#breadcrumb\"},\"inLanguage\":\"en-GB\",\"potentialAction\":[{\"@type\":\"ReadAction\",\"target\":[\"https:\\\/\\\/translate-en.de\\\/de\\\/denise-dewey-muno-leistungen\\\/\"]}]},{\"@type\":\"BreadcrumbList\",\"@id\":\"https:\\\/\\\/translate-en.de\\\/de\\\/denise-dewey-muno-leistungen\\\/#breadcrumb\",\"itemListElement\":[{\"@type\":\"ListItem\",\"position\":1,\"name\":\"Startseite\",\"item\":\"https:\\\/\\\/translate-en.de\\\/de\\\/\"},{\"@type\":\"ListItem\",\"position\":2,\"name\":\"Leistungen\"}]},{\"@type\":\"WebSite\",\"@id\":\"https:\\\/\\\/translate-en.de\\\/#website\",\"url\":\"https:\\\/\\\/translate-en.de\\\/\",\"name\":\"Dewey-Muno Language Solutions\",\"description\":\"Denise Dewey-Muno\",\"publisher\":{\"@id\":\"https:\\\/\\\/translate-en.de\\\/#organization\"},\"potentialAction\":[{\"@type\":\"SearchAction\",\"target\":{\"@type\":\"EntryPoint\",\"urlTemplate\":\"https:\\\/\\\/translate-en.de\\\/?s={search_term_string}\"},\"query-input\":{\"@type\":\"PropertyValueSpecification\",\"valueRequired\":true,\"valueName\":\"search_term_string\"}}],\"inLanguage\":\"en-GB\"},{\"@type\":\"Organization\",\"@id\":\"https:\\\/\\\/translate-en.de\\\/#organization\",\"name\":\"Dewey-Muno Language Solutions\",\"url\":\"https:\\\/\\\/translate-en.de\\\/\",\"logo\":{\"@type\":\"ImageObject\",\"inLanguage\":\"en-GB\",\"@id\":\"https:\\\/\\\/translate-en.de\\\/#\\\/schema\\\/logo\\\/image\\\/\",\"url\":\"https:\\\/\\\/translate-en.de\\\/wp-content\\\/uploads\\\/2023\\\/05\\\/DM_02_300ppi.png\",\"contentUrl\":\"https:\\\/\\\/translate-en.de\\\/wp-content\\\/uploads\\\/2023\\\/05\\\/DM_02_300ppi.png\",\"width\":776,\"height\":167,\"caption\":\"Dewey-Muno Language Solutions\"},\"image\":{\"@id\":\"https:\\\/\\\/translate-en.de\\\/#\\\/schema\\\/logo\\\/image\\\/\"}}]}<\/script>\n<!-- \/ Yoast SEO plugin. -->","yoast_head_json":{"title":"Denise Dewey-Muno | Professionelle Sprachendienstleistungen","description":"\u00dcbersetzung vom Deutschen ins Englische | englisches Lektorat | Marketing \u2713 Bildungswesen \u2713 Kultur \u2713 Nachhaltigkeit \u2713 Tourismus \u2713","robots":{"index":"index","follow":"follow","max-snippet":"max-snippet:-1","max-image-preview":"max-image-preview:large","max-video-preview":"max-video-preview:-1"},"canonical":"https:\/\/translate-en.de\/en\/denise-dewey-muno-leistungen\/","og_locale":"en_GB","og_type":"article","og_title":"Denise Dewey-Muno | Professionelle Sprachendienstleistungen","og_description":"\u00dcbersetzung vom Deutschen ins Englische | englisches Lektorat | Marketing \u2713 Bildungswesen \u2713 Kultur \u2713 Nachhaltigkeit \u2713 Tourismus \u2713","og_url":"https:\/\/translate-en.de\/en\/denise-dewey-muno-leistungen\/","og_site_name":"Dewey-Muno Language Solutions","article_modified_time":"2025-11-04T16:44:42+00:00","twitter_card":"summary_large_image","twitter_misc":{"Estimated reading time":"4 minutes"},"schema":{"@context":"https:\/\/schema.org","@graph":[{"@type":"WebPage","@id":"https:\/\/translate-en.de\/de\/denise-dewey-muno-leistungen\/","url":"https:\/\/translate-en.de\/de\/denise-dewey-muno-leistungen\/","name":"Denise Dewey-Muno | Professionelle Sprachendienstleistungen","isPartOf":{"@id":"https:\/\/translate-en.de\/#website"},"datePublished":"2019-02-07T10:45:24+00:00","dateModified":"2025-11-04T16:44:42+00:00","description":"\u00dcbersetzung vom Deutschen ins Englische | englisches Lektorat | Marketing \u2713 Bildungswesen \u2713 Kultur \u2713 Nachhaltigkeit \u2713 Tourismus \u2713","breadcrumb":{"@id":"https:\/\/translate-en.de\/de\/denise-dewey-muno-leistungen\/#breadcrumb"},"inLanguage":"en-GB","potentialAction":[{"@type":"ReadAction","target":["https:\/\/translate-en.de\/de\/denise-dewey-muno-leistungen\/"]}]},{"@type":"BreadcrumbList","@id":"https:\/\/translate-en.de\/de\/denise-dewey-muno-leistungen\/#breadcrumb","itemListElement":[{"@type":"ListItem","position":1,"name":"Startseite","item":"https:\/\/translate-en.de\/de\/"},{"@type":"ListItem","position":2,"name":"Leistungen"}]},{"@type":"WebSite","@id":"https:\/\/translate-en.de\/#website","url":"https:\/\/translate-en.de\/","name":"Dewey-Muno Language Solutions","description":"Denise Dewey-Muno","publisher":{"@id":"https:\/\/translate-en.de\/#organization"},"potentialAction":[{"@type":"SearchAction","target":{"@type":"EntryPoint","urlTemplate":"https:\/\/translate-en.de\/?s={search_term_string}"},"query-input":{"@type":"PropertyValueSpecification","valueRequired":true,"valueName":"search_term_string"}}],"inLanguage":"en-GB"},{"@type":"Organization","@id":"https:\/\/translate-en.de\/#organization","name":"Dewey-Muno Language Solutions","url":"https:\/\/translate-en.de\/","logo":{"@type":"ImageObject","inLanguage":"en-GB","@id":"https:\/\/translate-en.de\/#\/schema\/logo\/image\/","url":"https:\/\/translate-en.de\/wp-content\/uploads\/2023\/05\/DM_02_300ppi.png","contentUrl":"https:\/\/translate-en.de\/wp-content\/uploads\/2023\/05\/DM_02_300ppi.png","width":776,"height":167,"caption":"Dewey-Muno Language Solutions"},"image":{"@id":"https:\/\/translate-en.de\/#\/schema\/logo\/image\/"}}]}},"_links":{"self":[{"href":"https:\/\/translate-en.de\/en\/wp-json\/wp\/v2\/pages\/33","targetHints":{"allow":["GET"]}}],"collection":[{"href":"https:\/\/translate-en.de\/en\/wp-json\/wp\/v2\/pages"}],"about":[{"href":"https:\/\/translate-en.de\/en\/wp-json\/wp\/v2\/types\/page"}],"author":[{"embeddable":true,"href":"https:\/\/translate-en.de\/en\/wp-json\/wp\/v2\/users\/1"}],"replies":[{"embeddable":true,"href":"https:\/\/translate-en.de\/en\/wp-json\/wp\/v2\/comments?post=33"}],"version-history":[{"count":11,"href":"https:\/\/translate-en.de\/en\/wp-json\/wp\/v2\/pages\/33\/revisions"}],"predecessor-version":[{"id":2114,"href":"https:\/\/translate-en.de\/en\/wp-json\/wp\/v2\/pages\/33\/revisions\/2114"}],"wp:attachment":[{"href":"https:\/\/translate-en.de\/en\/wp-json\/wp\/v2\/media?parent=33"}],"curies":[{"name":"wp","href":"https:\/\/api.w.org\/{rel}","templated":true}]}}