{"id":33,"date":"2019-02-07T10:45:24","date_gmt":"2019-02-07T10:45:24","guid":{"rendered":"https:\/\/translate-en.de\/services\/"},"modified":"2025-11-04T17:44:42","modified_gmt":"2025-11-04T16:44:42","slug":"denise-dewey-muno-leistungen","status":"publish","type":"page","link":"https:\/\/translate-en.de\/de\/denise-dewey-muno-leistungen\/","title":{"rendered":"Leistungen"},"content":{"rendered":"\n\n\t<h2>\n\t\t\t\tLeistungen\n\t\t\t<\/h2>\n\t\t\t<h2>Englische \u00dcbersetzungen mit KI?<\/h2><h3>Nicht bei mir!<\/h3>\n\t\t\t\t<p>Schon alleine diesen Ausdruck in die automatische \u00dcbersetzung zu geben wird Ihnen aufzeigen, wo die Grenzen einer KI liegen. Nur ein Muttersprachler f\u00fcr Englisch kann im Zieltext ausdr\u00fccken, was der deutsche Text durch stilistische Elemente transportieren m\u00f6chte, von kulturellen Andeutungen ganz zu schweigen. Ich erfasse all die wichtigen Aspekte des Originaltextes und gebe sie in der \u00dcbersetzung wieder, und dies umfasst mehr als reine Linguistik.<\/p>\n\t\t\t<h2>\/01<\/h2><h3>\u00dcbersetzungen<\/h3>\t\t\t\n\t\t\t\t<p>Idiomatische \u00dcbersetzungen, die nicht als solche auffallen, sind Ihr Schl\u00fcssel zu englischsprachigen Kunden und Partnern. Ob erster Eindruck oder Kommunikation: Vertrauen Sie bei Ihren \u00dcbersetzungsauftr\u00e4gen auf meine sprachliche Kompetenz, meine breit gef\u00e4cherte Erfahrung und mein kulturelles Bewusstsein. Jedem Projekt gehen ein Austausch auf Augenh\u00f6he und eine Analyse dahingehend voraus, was Sie mit Ihrem Text bei wem bezwecken m\u00f6chten. Ich scheue keine Recherchem\u00fche, um Sie, Ihr Produkt und Ihr Gesch\u00e4ftsfeld bis ins kleinste Detail zu verstehen. Nur so kann ich klar verst\u00e4ndliche Texte produzieren, die maximale Wirkung zeigen.<\/p>\n\t\t\t<h2>\/02<\/h2><h3>Korrektorat<\/h3>\t\t\t\n\t\t\t\t<p>Vorhandene Englisch-\u00dcbersetzungen vergleiche ich Zeile f\u00fcr Zeile mit dem deutschen Ausgangstext um sicherzustellen, dass alles richtig verstanden und f\u00fcr das Zielpublikum transportiert worden ist. Nicht nur Rechtschreib- oder Sprachfehler oder stilistische Unreinheiten stechen mir ins Auge, sondern auch, wenn etwas vergessen wurde. Durch eine letzte Endkorrektur erh\u00e4lt der finale englische Text den n\u00f6tigen Feinschliff.<\/p>\n\t\t\t<h2>\/03<\/h2><h3>Lektorat<\/h3>\t\t\t\n\t\t\t\t<p>Nur perfekte Texte sollten f\u00fcr den Druck oder die Ver\u00f6ffentlichung freigegeben werden. Ich lese Ihre englischen Texte sorgf\u00e4ltig mit den Augen einer Muttersprachlerin und ersp\u00e4he so nicht nur kleinere bis gr\u00f6\u00dfere Fehler, sondern auch jeden nicht treffenden Ausdruck. Dort, wo sich englischsprachige Leserinnen und Leser an Formulierungen st\u00f6ren k\u00f6nnten, finde ich sprachliche Alternativen, die den Text fl\u00fcssiger machen. Vor allem bei Sammeltexten mehrerer Autoren ist es wichtig, zu einem konsistenten Stil zu gelangen, den ich liefern kann.<\/p>\n\t\t\t<h2>\/04<\/h2><h3>Schlussredaktion<\/h3>\t\t\t\n\t\t\t\t<p>In einer finalen \u00dcberpr\u00fcfung widme ich nicht nur \u00fcbersehenen Fehlern, sondern auch der Konsistenz, Formatierung und Nummerierung, bevor es f\u00fcr den Text in den Druck oder in die Ver\u00f6ffentlichung geht. Auf Wunsch pr\u00fcfe ich nat\u00fcrlich auch \u00dcberschriften, Zitate, Referenzen und Fu\u00dfnoten.<\/p>\n\t<h3>\n\t\t\t\tMeine Vorgehensweise:\n\t\t\t<\/h3>\n\t\t\t<p>Erfolg in vier Schritten.<\/p>\t\n\t\t\t\t\t\t\t\t\t\t\t\t\t\t\t\t\t\t\t<p>01.<\/p>\n\t\t\t\t\t\t\t\t\t\t\t\t\t\t\t\t\t\t\t\t\t\t\t<h3>Erstkontakt<\/h3> \t\t\t\t\t\t\t\t\t\t\t\n\t\t\t\t\t\t\t\t\t\t\t\t\t\t\t\t\t\t\t\t\t\t\t\t\t\t\t\t\t\t\t\t\t\t\t\t\t\t\t\t\t\t\t\t\t\t\t\t\t\t\t\t\t\t\t\t<p>Was genau ben\u00f6tigen Sie? Und &#8211; vielleicht noch wichtiger &#8211; bis wann? Ich sichte Ihre Dokumente und sende Ihnen ein unverbindliches Angebot unter Angabe von Preis, Leistungsumfang und Lieferzeit.<\/p> \t\t\t\t\t\t\t\t\t\t\t\t\t\t\t\t\t\t\t\t\t\t\t\t\t\t\t\t\t\n\t\t\t\t\t\t\t\t01.\n\t\t\t\t\t\t\t\t\t\t\t\t\t\t\t\t\t\t\t<p>02.<\/p>\n\t\t\t\t\t\t\t\t\t\t\t\t\t\t\t\t\t\t\t\t\t\t\t<h3>Briefing<\/h3> \t\t\t\t\t\t\t\t\t\t\t\n\t\t\t\t\t\t\t\t\t\t\t\t\t\t\t\t\t\t\t\t\t\t\t\t\t\t\t\t\t\t\t\t\t\t\t\t\t\t\t\t\t\t\t\t\t\t\t\t\t\t\t\t\t\t\t\t<p>Wenn mein Angebot Ihre Zustimmung findet, einigen wir uns \u00fcber eine realistische Deadline und besprechen die Einzelheiten des Projekts: An wen richtet sich Ihr Text? Wof\u00fcr wird er ben\u00f6tigt? Sie geben an, welche Sprachvariante des Englischen Sie w\u00fcnschen (britisches oder amerikanisches Englisch). Gerne k\u00f6nnen Sie mir Referenzmaterial zur Verf\u00fcgung stellen (z. B. alte \u00dcbersetzungen, Hintergrundmaterial oder n\u00fctzliche Links) sowie interne Terminologielisten oder Styleguides. Diese werde ich nat\u00fcrlich in meiner Arbeit ber\u00fccksichtigen, damit alles einheitlich bleibt.<\/p> \t\t\t\t\t\t\t\t\t\t\t\t\t\t\t\t\t\t\t\t\t\t\t\t\t\t\t\t\t\n\t\t\t\t\t\t\t\t02.\n\t\t\t\t\t\t\t\t\t\t\t\t\t\t\t\t\t\t\t<p>03.<\/p>\n\t\t\t\t\t\t\t\t\t\t\t\t\t\t\t\t\t\t\t\t\t\t\t<h3>\u00dcbersetzung<\/h3> \t\t\t\t\t\t\t\t\t\t\t\n\t\t\t\t\t\t\t\t\t\t\t\t\t\t\t\t\t\t\t\t\t\t\t\t\t\t\t\t\t\t\t\t\t\t\t\t\t\t\t\t\t\t\t\t\t\t\t\t\t\t\t\t\t\t\t\t<p>Je nach Absprache mache ich mich sofort an die Bearbeitung Ihres Textes oder warte auf das von Ihnen bereitzustellende Ausgangsmaterial. Jedes Projekt beginnt damit, dass ich die Dokumente gr\u00fcndlich lese und mich in die Thematik einarbeite, beispielsweise anhand Ihrer Website und von Online-Recherchen zu Ihrem Gesch\u00e4ftsfeld. Glossare oder bereits vorhandene \u00dcbersetzungen binde ich ein, um Konsistenz zu wahren. Einem ersten Entwurf der \u00dcbersetzung folgt die gr\u00fcndliche Recherche von Ausdr\u00fccken und Fachbegriffen, und sollten sich R\u00fcckfragen auftun, werde ich diese im Prozess mit Ihnen besprechen. Meinen Entwurf bessere ich mit etwas Abstand zum Text weiter aus, bis ich am Ende vollends zufrieden bin. Sollte ich im Originaltext \u00fcber Fehler oder Unstimmigkeiten stolpern, werde ich diese zu Ihrer Information nat\u00fcrlich markieren und mitteilen.<\/p> \t\t\t\t\t\t\t\t\t\t\t\t\t\t\t\t\t\t\t\t\t\t\t\t\t\t\t\t\t\n\t\t\t\t\t\t\t\t03.\n\t\t\t\t\t\t\t\t\t\t\t\t\t\t\t\t\t\t\t<p>04.<\/p>\n\t\t\t\t\t\t\t\t\t\t\t\t\t\t\t\t\t\t\t\t\t\t\t<h3>Finalisieren<\/h3> \t\t\t\t\t\t\t\t\t\t\t\n\t\t\t\t\t\t\t\t\t\t\t\t\t\t\t\t\t\t\t\t\t\t\t\t\t\t\t\t\t\t\t\t\t\t\t\t\t\t\t\t\t\t\t\t\t\t\t\t\t\t\t\t\t\t\t\t<p>Nach dem Fertigstellen ist vor der Ver\u00f6ffentlichung. Diese sollte nat\u00fcrlich nur dann erfolgen, wenn weder bei mir noch bei Ihnen Fragen offen sind. Ich freue mich \u00fcber Ihr Feedback und stehe Ihnen gerne mit Rat und Tat f\u00fcr weitere Projekte oder Follow-up-Prozesse beiseite.<\/p> \t\t\t\t\t\t\t\t\t\t\t\t\t\t\t\t\t\t\t\t\t\t\t\t\t\t\t\t\t\n\t\t\t\t\t\t\t\t04.\n\t\t\t<h5>Noch Fragen?<\/h5><h3>Nehmen Sie Kontakt auf <\/h3>\t\t\t\n\t\t\t\t<p>Wir besprechen Ihre Projekte unverbindlich.<\/p>\n\t\t\t<a href=\"https:\/\/translate-en.de\/kontakt\/\" title=\"Hier klicken\" target=\"_self\"   role=\"button\" aria-label=\"Schicken Sie mir eine Nachricht\">\n\t\t\t\t\t\t\t\t\t\t\tSchicken Sie mir eine Nachricht\n\t\t<\/a>\n\n","protected":false},"excerpt":{"rendered":"<p>Leistungen Englische \u00dcbersetzungen mit KI? Nicht bei mir! Schon alleine diesen Ausdruck in die automatische \u00dcbersetzung zu geben wird Ihnen aufzeigen, wo die Grenzen einer KI liegen. Nur ein Muttersprachler f\u00fcr Englisch kann im Zieltext ausdr\u00fccken, was der deutsche Text durch stilistische Elemente transportieren m\u00f6chte, von kulturellen Andeutungen ganz zu schweigen. Ich erfasse all die [&hellip;]<\/p>\n","protected":false},"author":1,"featured_media":0,"parent":0,"menu_order":0,"comment_status":"closed","ping_status":"closed","template":"","meta":{"site-sidebar-layout":"no-sidebar","site-content-layout":"page-builder","ast-site-content-layout":"full-width-container","site-content-style":"unboxed","site-sidebar-style":"unboxed","ast-global-header-display":"","ast-banner-title-visibility":"","ast-main-header-display":"","ast-hfb-above-header-display":"","ast-hfb-below-header-display":"","ast-hfb-mobile-header-display":"","site-post-title":"disabled","ast-breadcrumbs-content":"","ast-featured-img":"disabled","footer-sml-layout":"","theme-transparent-header-meta":"disabled","adv-header-id-meta":"","stick-header-meta":"default","header-above-stick-meta":"","header-main-stick-meta":"","header-below-stick-meta":"","astra-migrate-meta-layouts":"set","ast-page-background-enabled":"default","ast-page-background-meta":{"desktop":{"background-color":"","background-image":"","background-repeat":"repeat","background-position":"center center","background-size":"auto","background-attachment":"scroll","background-type":"","background-media":"","overlay-type":"","overlay-color":"","overlay-opacity":"","overlay-gradient":""},"tablet":{"background-color":"","background-image":"","background-repeat":"repeat","background-position":"center center","background-size":"auto","background-attachment":"scroll","background-type":"","background-media":"","overlay-type":"","overlay-color":"","overlay-opacity":"","overlay-gradient":""},"mobile":{"background-color":"","background-image":"","background-repeat":"repeat","background-position":"center center","background-size":"auto","background-attachment":"scroll","background-type":"","background-media":"","overlay-type":"","overlay-color":"","overlay-opacity":"","overlay-gradient":""}},"ast-content-background-meta":{"desktop":{"background-color":"var(--ast-global-color-5)","background-image":"","background-repeat":"repeat","background-position":"center center","background-size":"auto","background-attachment":"scroll","background-type":"","background-media":"","overlay-type":"","overlay-color":"","overlay-opacity":"","overlay-gradient":""},"tablet":{"background-color":"var(--ast-global-color-5)","background-image":"","background-repeat":"repeat","background-position":"center center","background-size":"auto","background-attachment":"scroll","background-type":"","background-media":"","overlay-type":"","overlay-color":"","overlay-opacity":"","overlay-gradient":""},"mobile":{"background-color":"var(--ast-global-color-5)","background-image":"","background-repeat":"repeat","background-position":"center center","background-size":"auto","background-attachment":"scroll","background-type":"","background-media":"","overlay-type":"","overlay-color":"","overlay-opacity":"","overlay-gradient":""}},"footnotes":""},"class_list":["post-33","page","type-page","status-publish","hentry"],"yoast_head":"<!-- This site is optimized with the Yoast SEO plugin v27.3 - https:\/\/yoast.com\/product\/yoast-seo-wordpress\/ -->\n<title>Denise Dewey-Muno | Professionelle Sprachendienstleistungen<\/title>\n<meta name=\"description\" content=\"\u00dcbersetzung vom Deutschen ins Englische | englisches Lektorat | Marketing \u2713 Bildungswesen \u2713 Kultur \u2713 Nachhaltigkeit \u2713 Tourismus \u2713\" \/>\n<meta name=\"robots\" content=\"index, follow, max-snippet:-1, max-image-preview:large, max-video-preview:-1\" \/>\n<link rel=\"canonical\" href=\"https:\/\/translate-en.de\/de\/denise-dewey-muno-leistungen\/\" \/>\n<meta property=\"og:locale\" content=\"de_DE\" \/>\n<meta property=\"og:type\" content=\"article\" \/>\n<meta property=\"og:title\" content=\"Denise Dewey-Muno | Professionelle Sprachendienstleistungen\" \/>\n<meta property=\"og:description\" content=\"\u00dcbersetzung vom Deutschen ins Englische | englisches Lektorat | Marketing \u2713 Bildungswesen \u2713 Kultur \u2713 Nachhaltigkeit \u2713 Tourismus \u2713\" \/>\n<meta property=\"og:url\" content=\"https:\/\/translate-en.de\/de\/denise-dewey-muno-leistungen\/\" \/>\n<meta property=\"og:site_name\" content=\"Dewey-Muno Language Solutions\" \/>\n<meta property=\"article:modified_time\" content=\"2025-11-04T16:44:42+00:00\" \/>\n<meta name=\"twitter:card\" content=\"summary_large_image\" \/>\n<meta name=\"twitter:label1\" content=\"Gesch\u00e4tzte Lesezeit\" \/>\n\t<meta name=\"twitter:data1\" content=\"4\u00a0Minuten\" \/>\n<script type=\"application\/ld+json\" class=\"yoast-schema-graph\">{\"@context\":\"https:\\\/\\\/schema.org\",\"@graph\":[{\"@type\":\"WebPage\",\"@id\":\"https:\\\/\\\/translate-en.de\\\/de\\\/denise-dewey-muno-leistungen\\\/\",\"url\":\"https:\\\/\\\/translate-en.de\\\/de\\\/denise-dewey-muno-leistungen\\\/\",\"name\":\"Denise Dewey-Muno | Professionelle Sprachendienstleistungen\",\"isPartOf\":{\"@id\":\"https:\\\/\\\/translate-en.de\\\/#website\"},\"datePublished\":\"2019-02-07T10:45:24+00:00\",\"dateModified\":\"2025-11-04T16:44:42+00:00\",\"description\":\"\u00dcbersetzung vom Deutschen ins Englische | englisches Lektorat | Marketing \u2713 Bildungswesen \u2713 Kultur \u2713 Nachhaltigkeit \u2713 Tourismus \u2713\",\"breadcrumb\":{\"@id\":\"https:\\\/\\\/translate-en.de\\\/de\\\/denise-dewey-muno-leistungen\\\/#breadcrumb\"},\"inLanguage\":\"de\",\"potentialAction\":[{\"@type\":\"ReadAction\",\"target\":[\"https:\\\/\\\/translate-en.de\\\/de\\\/denise-dewey-muno-leistungen\\\/\"]}]},{\"@type\":\"BreadcrumbList\",\"@id\":\"https:\\\/\\\/translate-en.de\\\/de\\\/denise-dewey-muno-leistungen\\\/#breadcrumb\",\"itemListElement\":[{\"@type\":\"ListItem\",\"position\":1,\"name\":\"Startseite\",\"item\":\"https:\\\/\\\/translate-en.de\\\/de\\\/\"},{\"@type\":\"ListItem\",\"position\":2,\"name\":\"Leistungen\"}]},{\"@type\":\"WebSite\",\"@id\":\"https:\\\/\\\/translate-en.de\\\/#website\",\"url\":\"https:\\\/\\\/translate-en.de\\\/\",\"name\":\"Dewey-Muno Language Solutions\",\"description\":\"Denise Dewey-Muno\",\"publisher\":{\"@id\":\"https:\\\/\\\/translate-en.de\\\/#organization\"},\"potentialAction\":[{\"@type\":\"SearchAction\",\"target\":{\"@type\":\"EntryPoint\",\"urlTemplate\":\"https:\\\/\\\/translate-en.de\\\/?s={search_term_string}\"},\"query-input\":{\"@type\":\"PropertyValueSpecification\",\"valueRequired\":true,\"valueName\":\"search_term_string\"}}],\"inLanguage\":\"de\"},{\"@type\":\"Organization\",\"@id\":\"https:\\\/\\\/translate-en.de\\\/#organization\",\"name\":\"Dewey-Muno Language Solutions\",\"url\":\"https:\\\/\\\/translate-en.de\\\/\",\"logo\":{\"@type\":\"ImageObject\",\"inLanguage\":\"de\",\"@id\":\"https:\\\/\\\/translate-en.de\\\/#\\\/schema\\\/logo\\\/image\\\/\",\"url\":\"https:\\\/\\\/translate-en.de\\\/wp-content\\\/uploads\\\/2023\\\/05\\\/DM_02_300ppi.png\",\"contentUrl\":\"https:\\\/\\\/translate-en.de\\\/wp-content\\\/uploads\\\/2023\\\/05\\\/DM_02_300ppi.png\",\"width\":776,\"height\":167,\"caption\":\"Dewey-Muno Language Solutions\"},\"image\":{\"@id\":\"https:\\\/\\\/translate-en.de\\\/#\\\/schema\\\/logo\\\/image\\\/\"}}]}<\/script>\n<!-- \/ Yoast SEO plugin. -->","yoast_head_json":{"title":"Denise Dewey-Muno | Professionelle Sprachendienstleistungen","description":"\u00dcbersetzung vom Deutschen ins Englische | englisches Lektorat | Marketing \u2713 Bildungswesen \u2713 Kultur \u2713 Nachhaltigkeit \u2713 Tourismus \u2713","robots":{"index":"index","follow":"follow","max-snippet":"max-snippet:-1","max-image-preview":"max-image-preview:large","max-video-preview":"max-video-preview:-1"},"canonical":"https:\/\/translate-en.de\/de\/denise-dewey-muno-leistungen\/","og_locale":"de_DE","og_type":"article","og_title":"Denise Dewey-Muno | Professionelle Sprachendienstleistungen","og_description":"\u00dcbersetzung vom Deutschen ins Englische | englisches Lektorat | Marketing \u2713 Bildungswesen \u2713 Kultur \u2713 Nachhaltigkeit \u2713 Tourismus \u2713","og_url":"https:\/\/translate-en.de\/de\/denise-dewey-muno-leistungen\/","og_site_name":"Dewey-Muno Language Solutions","article_modified_time":"2025-11-04T16:44:42+00:00","twitter_card":"summary_large_image","twitter_misc":{"Gesch\u00e4tzte Lesezeit":"4\u00a0Minuten"},"schema":{"@context":"https:\/\/schema.org","@graph":[{"@type":"WebPage","@id":"https:\/\/translate-en.de\/de\/denise-dewey-muno-leistungen\/","url":"https:\/\/translate-en.de\/de\/denise-dewey-muno-leistungen\/","name":"Denise Dewey-Muno | Professionelle Sprachendienstleistungen","isPartOf":{"@id":"https:\/\/translate-en.de\/#website"},"datePublished":"2019-02-07T10:45:24+00:00","dateModified":"2025-11-04T16:44:42+00:00","description":"\u00dcbersetzung vom Deutschen ins Englische | englisches Lektorat | Marketing \u2713 Bildungswesen \u2713 Kultur \u2713 Nachhaltigkeit \u2713 Tourismus \u2713","breadcrumb":{"@id":"https:\/\/translate-en.de\/de\/denise-dewey-muno-leistungen\/#breadcrumb"},"inLanguage":"de","potentialAction":[{"@type":"ReadAction","target":["https:\/\/translate-en.de\/de\/denise-dewey-muno-leistungen\/"]}]},{"@type":"BreadcrumbList","@id":"https:\/\/translate-en.de\/de\/denise-dewey-muno-leistungen\/#breadcrumb","itemListElement":[{"@type":"ListItem","position":1,"name":"Startseite","item":"https:\/\/translate-en.de\/de\/"},{"@type":"ListItem","position":2,"name":"Leistungen"}]},{"@type":"WebSite","@id":"https:\/\/translate-en.de\/#website","url":"https:\/\/translate-en.de\/","name":"Dewey-Muno Language Solutions","description":"Denise Dewey-Muno","publisher":{"@id":"https:\/\/translate-en.de\/#organization"},"potentialAction":[{"@type":"SearchAction","target":{"@type":"EntryPoint","urlTemplate":"https:\/\/translate-en.de\/?s={search_term_string}"},"query-input":{"@type":"PropertyValueSpecification","valueRequired":true,"valueName":"search_term_string"}}],"inLanguage":"de"},{"@type":"Organization","@id":"https:\/\/translate-en.de\/#organization","name":"Dewey-Muno Language Solutions","url":"https:\/\/translate-en.de\/","logo":{"@type":"ImageObject","inLanguage":"de","@id":"https:\/\/translate-en.de\/#\/schema\/logo\/image\/","url":"https:\/\/translate-en.de\/wp-content\/uploads\/2023\/05\/DM_02_300ppi.png","contentUrl":"https:\/\/translate-en.de\/wp-content\/uploads\/2023\/05\/DM_02_300ppi.png","width":776,"height":167,"caption":"Dewey-Muno Language Solutions"},"image":{"@id":"https:\/\/translate-en.de\/#\/schema\/logo\/image\/"}}]}},"_links":{"self":[{"href":"https:\/\/translate-en.de\/de\/wp-json\/wp\/v2\/pages\/33","targetHints":{"allow":["GET"]}}],"collection":[{"href":"https:\/\/translate-en.de\/de\/wp-json\/wp\/v2\/pages"}],"about":[{"href":"https:\/\/translate-en.de\/de\/wp-json\/wp\/v2\/types\/page"}],"author":[{"embeddable":true,"href":"https:\/\/translate-en.de\/de\/wp-json\/wp\/v2\/users\/1"}],"replies":[{"embeddable":true,"href":"https:\/\/translate-en.de\/de\/wp-json\/wp\/v2\/comments?post=33"}],"version-history":[{"count":11,"href":"https:\/\/translate-en.de\/de\/wp-json\/wp\/v2\/pages\/33\/revisions"}],"predecessor-version":[{"id":2114,"href":"https:\/\/translate-en.de\/de\/wp-json\/wp\/v2\/pages\/33\/revisions\/2114"}],"wp:attachment":[{"href":"https:\/\/translate-en.de\/de\/wp-json\/wp\/v2\/media?parent=33"}],"curies":[{"name":"wp","href":"https:\/\/api.w.org\/{rel}","templated":true}]}}